{"id":7,"date":"2024-12-01T14:06:56","date_gmt":"2024-12-01T14:06:56","guid":{"rendered":"https:\/\/klaudiv.cluster027.hosting.ovh.net\/index.php\/koszyk\/"},"modified":"2025-05-08T12:39:55","modified_gmt":"2025-05-08T12:39:55","slug":"koszyk","status":"publish","type":"page","link":"https:\/\/klaudiet.pl\/?page_id=7","title":{"rendered":"Koszyk"},"content":{"rendered":"\n<div data-block-name=\"woocommerce\/cart\" class=\"wp-block-woocommerce-cart alignwide is-loading\">\n<div data-block-name=\"woocommerce\/filled-cart-block\" class=\"wp-block-woocommerce-filled-cart-block\">\n<div data-block-name=\"woocommerce\/cart-items-block\" class=\"wp-block-woocommerce-cart-items-block\">\n<div data-block-name=\"woocommerce\/cart-line-items-block\" class=\"wp-block-woocommerce-cart-line-items-block\"><\/div>\n\n\n\n<div data-block-name=\"woocommerce\/cart-cross-sells-block\" class=\"wp-block-woocommerce-cart-cross-sells-block\">\n<h2 class=\"wp-block-heading has-large-font-size\">Zobacz inne r\u00f3wnie interesuj\u0105ce\u2026<\/h2>\n\n\n\n<div data-block-name=\"woocommerce\/cart-cross-sells-products-block\" class=\"wp-block-woocommerce-cart-cross-sells-products-block\"><\/div>\n<\/div>\n<\/div>\n\n\n\n<div data-block-name=\"woocommerce\/cart-totals-block\" class=\"wp-block-woocommerce-cart-totals-block\">\n<div data-block-name=\"woocommerce\/cart-order-summary-block\" class=\"wp-block-woocommerce-cart-order-summary-block\">\n<div data-block-name=\"woocommerce\/cart-order-summary-heading-block\" class=\"wp-block-woocommerce-cart-order-summary-heading-block\"><\/div><div data-block-name=\"woocommerce\/cart-order-summary-coupon-form-block\" class=\"wp-block-woocommerce-cart-order-summary-coupon-form-block\"><\/div><div data-block-name=\"woocommerce\/cart-order-summary-totals-block\" class=\"wp-block-woocommerce-cart-order-summary-totals-block\">\n<div data-block-name=\"woocommerce\/cart-order-summary-subtotal-block\" class=\"wp-block-woocommerce-cart-order-summary-subtotal-block\"><\/div>\n<div data-block-name=\"woocommerce\/cart-order-summary-discount-block\" class=\"wp-block-woocommerce-cart-order-summary-discount-block\"><\/div>\n<div data-block-name=\"woocommerce\/cart-order-summary-fee-block\" class=\"wp-block-woocommerce-cart-order-summary-fee-block\"><\/div>\n<div data-block-name=\"woocommerce\/cart-order-summary-shipping-block\" class=\"wp-block-woocommerce-cart-order-summary-shipping-block\"><\/div>\n<div data-block-name=\"woocommerce\/cart-order-summary-taxes-block\" class=\"wp-block-woocommerce-cart-order-summary-taxes-block\"><\/div><\/div>\n<\/div>\n\n\n\n<div data-block-name=\"woocommerce\/cart-express-payment-block\" class=\"wp-block-woocommerce-cart-express-payment-block\"><\/div>\n\n\n\n<div data-block-name=\"woocommerce\/proceed-to-checkout-block\" class=\"wp-block-woocommerce-proceed-to-checkout-block\"><\/div>\n\n\n\n<div data-block-name=\"woocommerce\/cart-accepted-payment-methods-block\" class=\"wp-block-woocommerce-cart-accepted-payment-methods-block\"><\/div>\n<\/div>\n<\/div>\n\n\n\n<div data-block-name=\"woocommerce\/empty-cart-block\" class=\"wp-block-woocommerce-empty-cart-block\">\n<h2 class=\"wp-block-heading has-text-align-center with-empty-cart-icon wc-block-cart__empty-cart__title\">Tw\u00f3j koszyk jest obecnie pusty!<\/h2>\n\n\n\n<hr class=\"wp-block-separator has-alpha-channel-opacity is-style-dots\"\/>\n\n\n\n<h2 class=\"wp-block-heading has-text-align-center\">Nowe w sklepie<\/h2>\n\n\n<div data-block-name=\"woocommerce\/product-new\" data-columns=\"4\" data-rows=\"1\" class=\"wc-block-grid wp-block-product-new wp-block-woocommerce-product-new wc-block-product-new has-4-columns\"><ul class=\"wc-block-grid__products\"><li class=\"wc-block-grid__product\">\n\t\t\t\t<a href=\"https:\/\/klaudiet.pl\/?product=jadlospis-letni-1700-kcal\" class=\"wc-block-grid__product-link\">\n\t\t\t\t\t\n\t\t\t\t\t<div class=\"wc-block-grid__product-image\"><img fetchpriority=\"high\" decoding=\"async\" width=\"300\" height=\"300\" src=\"https:\/\/klaudiet.pl\/wp-content\/uploads\/2025\/06\/Kopia-\u2013-Healthy-300x300.png\" class=\"attachment-woocommerce_thumbnail size-woocommerce_thumbnail\" alt=\"Jad\u0142ospis lato 1700kcal\" srcset=\"https:\/\/klaudiet.pl\/wp-content\/uploads\/2025\/06\/Kopia-\u2013-Healthy-300x300.png 300w, https:\/\/klaudiet.pl\/wp-content\/uploads\/2025\/06\/Kopia-\u2013-Healthy-150x150.png 150w, https:\/\/klaudiet.pl\/wp-content\/uploads\/2025\/06\/Kopia-\u2013-Healthy-100x100.png 100w\" sizes=\"(max-width: 300px) 100vw, 300px\" \/><\/div>\n\t\t\t\t\t<div class=\"wc-block-grid__product-title\">Jad\u0142ospis letni 1700 Kcal<\/div>\n\t\t\t\t<\/a>\n\t\t\t\t<div class=\"wc-block-grid__product-price price\"><span class=\"woocommerce-Price-amount amount\">29,99&nbsp;<span class=\"woocommerce-Price-currencySymbol\">&#122;&#322;<\/span><\/span><\/div>\n\t\t\t\t\n\t\t\t\t<div class=\"wp-block-button wc-block-grid__product-add-to-cart\"><a href=\"\/index.php?rest_route=%2Fwp%2Fv2%2Fpages%2F7&#038;add-to-cart=544\" aria-label=\"Dodaj do koszyka: &bdquo;Jad\u0142ospis letni 1700 Kcal&rdquo;\" data-quantity=\"1\" data-product_id=\"544\" data-product_sku=\"\" data-price=\"29.99\" rel=\"nofollow\" class=\"wp-block-button__link wp-element-button add_to_cart_button ajax_add_to_cart\">Dodaj do koszyka<\/a><\/div>\n\t\t\t<\/li><li class=\"wc-block-grid__product\">\n\t\t\t\t<a href=\"https:\/\/klaudiet.pl\/?product=na-wynos\" class=\"wc-block-grid__product-link\">\n\t\t\t\t\t\n\t\t\t\t\t<div class=\"wc-block-grid__product-image\"><img decoding=\"async\" width=\"300\" height=\"300\" src=\"https:\/\/klaudiet.pl\/wp-content\/uploads\/2025\/02\/ogolne-diety-300x300.png\" class=\"attachment-woocommerce_thumbnail size-woocommerce_thumbnail\" alt=\"Na wynos\" srcset=\"https:\/\/klaudiet.pl\/wp-content\/uploads\/2025\/02\/ogolne-diety-300x300.png 300w, https:\/\/klaudiet.pl\/wp-content\/uploads\/2025\/02\/ogolne-diety-150x150.png 150w, https:\/\/klaudiet.pl\/wp-content\/uploads\/2025\/02\/ogolne-diety-768x768.png 768w, https:\/\/klaudiet.pl\/wp-content\/uploads\/2025\/02\/ogolne-diety-600x600.png 600w, https:\/\/klaudiet.pl\/wp-content\/uploads\/2025\/02\/elementor\/thumbs\/ogolne-diety-r1jt1kfu1oftc51a3jjxnpg198nl1hki4bg3717uug.png 100w, https:\/\/klaudiet.pl\/wp-content\/uploads\/2025\/02\/elementor\/thumbs\/ogolne-diety-r1jt1kfvmov6fjn4u4ogelxwls4parqxrnet6uu8vw.png 230w, https:\/\/klaudiet.pl\/wp-content\/uploads\/2025\/02\/elementor\/thumbs\/ogolne-diety-r1jt1kfzj0zrl5r2yng7628nx9lx0e18le3cvcdczg.png 550w, https:\/\/klaudiet.pl\/wp-content\/uploads\/2025\/02\/elementor\/thumbs\/ogolne-diety-r1jt1kg2knyum65ezxm4g9ckim4zns2javka8ukf28.png 800w, https:\/\/klaudiet.pl\/wp-content\/uploads\/2025\/02\/ogolne-diety.png 831w\" sizes=\"(max-width: 300px) 100vw, 300px\" \/><\/div>\n\t\t\t\t\t<div class=\"wc-block-grid__product-title\">Na wynos<\/div>\n\t\t\t\t<\/a>\n\t\t\t\t<div class=\"wc-block-grid__product-price price\"><span class=\"woocommerce-Price-amount amount\">29,99&nbsp;<span class=\"woocommerce-Price-currencySymbol\">&#122;&#322;<\/span><\/span><\/div>\n\t\t\t\t\n\t\t\t\t<div class=\"wp-block-button wc-block-grid__product-add-to-cart\"><a href=\"\/index.php?rest_route=%2Fwp%2Fv2%2Fpages%2F7&#038;add-to-cart=420\" aria-label=\"Dodaj do koszyka: &bdquo;Na wynos&rdquo;\" data-quantity=\"1\" data-product_id=\"420\" data-product_sku=\"\" data-price=\"29.99\" rel=\"nofollow\" class=\"wp-block-button__link wp-element-button add_to_cart_button ajax_add_to_cart\">Dodaj do koszyka<\/a><\/div>\n\t\t\t<\/li><li class=\"wc-block-grid__product\">\n\t\t\t\t<a href=\"https:\/\/klaudiet.pl\/?product=insulinoopornosc-3-posilki\" class=\"wc-block-grid__product-link\">\n\t\t\t\t\t\n\t\t\t\t\t<div class=\"wc-block-grid__product-image\"><img decoding=\"async\" width=\"300\" height=\"300\" src=\"https:\/\/klaudiet.pl\/wp-content\/uploads\/2025\/04\/1600-kcal-insulinoopornosc-300x300.png\" class=\"attachment-woocommerce_thumbnail size-woocommerce_thumbnail\" alt=\"Insulinooporno\u015b\u0107 - 3 posi\u0142ki\" srcset=\"https:\/\/klaudiet.pl\/wp-content\/uploads\/2025\/04\/1600-kcal-insulinoopornosc-300x300.png 300w, https:\/\/klaudiet.pl\/wp-content\/uploads\/2025\/04\/1600-kcal-insulinoopornosc-150x150.png 150w, https:\/\/klaudiet.pl\/wp-content\/uploads\/2025\/04\/1600-kcal-insulinoopornosc-100x100.png 100w\" sizes=\"(max-width: 300px) 100vw, 300px\" \/><\/div>\n\t\t\t\t\t<div class=\"wc-block-grid__product-title\">Insulinooporno\u015b\u0107 &#8211; 3 posi\u0142ki<\/div>\n\t\t\t\t<\/a>\n\t\t\t\t<div class=\"wc-block-grid__product-price price\"><span class=\"woocommerce-Price-amount amount\">29,99&nbsp;<span class=\"woocommerce-Price-currencySymbol\">&#122;&#322;<\/span><\/span><\/div>\n\t\t\t\t\n\t\t\t\t<div class=\"wp-block-button wc-block-grid__product-add-to-cart\"><a href=\"\/index.php?rest_route=%2Fwp%2Fv2%2Fpages%2F7&#038;add-to-cart=419\" aria-label=\"Dodaj do koszyka: &bdquo;Insulinooporno\u015b\u0107 - 3 posi\u0142ki&rdquo;\" data-quantity=\"1\" data-product_id=\"419\" data-product_sku=\"\" data-price=\"29.99\" rel=\"nofollow\" class=\"wp-block-button__link wp-element-button add_to_cart_button ajax_add_to_cart\">Dodaj do koszyka<\/a><\/div>\n\t\t\t<\/li><li class=\"wc-block-grid__product\">\n\t\t\t\t<a href=\"https:\/\/klaudiet.pl\/?product=biedronka-kopia\" class=\"wc-block-grid__product-link\">\n\t\t\t\t\t\n\t\t\t\t\t<div class=\"wc-block-grid__product-image\"><img loading=\"lazy\" decoding=\"async\" width=\"300\" height=\"300\" src=\"https:\/\/klaudiet.pl\/wp-content\/uploads\/2025\/04\/1700-keto-300x300.png\" class=\"attachment-woocommerce_thumbnail size-woocommerce_thumbnail\" alt=\"Keto\" srcset=\"https:\/\/klaudiet.pl\/wp-content\/uploads\/2025\/04\/1700-keto-300x300.png 300w, https:\/\/klaudiet.pl\/wp-content\/uploads\/2025\/04\/1700-keto-150x150.png 150w, https:\/\/klaudiet.pl\/wp-content\/uploads\/2025\/04\/1700-keto-100x100.png 100w\" sizes=\"(max-width: 300px) 100vw, 300px\" \/><\/div>\n\t\t\t\t\t<div class=\"wc-block-grid__product-title\">Keto<\/div>\n\t\t\t\t<\/a>\n\t\t\t\t<div class=\"wc-block-grid__product-price price\"><span class=\"woocommerce-Price-amount amount\">29,99&nbsp;<span class=\"woocommerce-Price-currencySymbol\">&#122;&#322;<\/span><\/span><\/div>\n\t\t\t\t\n\t\t\t\t<div class=\"wp-block-button wc-block-grid__product-add-to-cart\"><a href=\"\/index.php?rest_route=%2Fwp%2Fv2%2Fpages%2F7&#038;add-to-cart=418\" aria-label=\"Dodaj do koszyka: &bdquo;Keto&rdquo;\" data-quantity=\"1\" data-product_id=\"418\" data-product_sku=\"\" data-price=\"29.99\" rel=\"nofollow\" class=\"wp-block-button__link wp-element-button add_to_cart_button ajax_add_to_cart\">Dodaj do koszyka<\/a><\/div>\n\t\t\t<\/li><\/ul><\/div><\/div>\n<\/div>\n","protected":false},"excerpt":{"rendered":"","protected":false},"author":1,"featured_media":0,"parent":0,"menu_order":0,"comment_status":"closed","ping_status":"closed","template":"","meta":{"footnotes":""},"class_list":["post-7","page","type-page","status-publish","hentry"],"jetpack_sharing_enabled":true,"_links":{"self":[{"href":"https:\/\/klaudiet.pl\/index.php?rest_route=\/wp\/v2\/pages\/7","targetHints":{"allow":["GET"]}}],"collection":[{"href":"https:\/\/klaudiet.pl\/index.php?rest_route=\/wp\/v2\/pages"}],"about":[{"href":"https:\/\/klaudiet.pl\/index.php?rest_route=\/wp\/v2\/types\/page"}],"author":[{"embeddable":true,"href":"https:\/\/klaudiet.pl\/index.php?rest_route=\/wp\/v2\/users\/1"}],"replies":[{"embeddable":true,"href":"https:\/\/klaudiet.pl\/index.php?rest_route=%2Fwp%2Fv2%2Fcomments&post=7"}],"version-history":[{"count":1,"href":"https:\/\/klaudiet.pl\/index.php?rest_route=\/wp\/v2\/pages\/7\/revisions"}],"predecessor-version":[{"id":11,"href":"https:\/\/klaudiet.pl\/index.php?rest_route=\/wp\/v2\/pages\/7\/revisions\/11"}],"wp:attachment":[{"href":"https:\/\/klaudiet.pl\/index.php?rest_route=%2Fwp%2Fv2%2Fmedia&parent=7"}],"curies":[{"name":"wp","href":"https:\/\/api.w.org\/{rel}","templated":true}]}}