{"id":387,"date":"2025-04-14T10:19:58","date_gmt":"2025-04-14T10:19:58","guid":{"rendered":"http:\/\/klaudiv.cluster027.hosting.ovh.net\/?post_type=product&#038;p=387"},"modified":"2026-03-24T06:51:11","modified_gmt":"2026-03-24T06:51:11","slug":"jadlospisy-basic","status":"publish","type":"product","link":"https:\/\/klaudiet.pl\/?product=jadlospisy-basic","title":{"rendered":"Jad\u0142ospisy BASIC"},"content":{"rendered":"<p>Stworzy\u0142am ten jad\u0142ospis, \u017ceby u\u0142atwi\u0107 Ci zdrowe od\u017cywianie. Ta dieta to zupe\u0142na nowo\u015b\u0107. Mo\u017cesz<br \/>\ndowolnie wybiera\u0107 przepisy lub korzysta\u0107 z gotowej rozpiski, dzi\u0119ki czemu jest idealna na ka\u017cdy<br \/>\nmoment. W e-booku znajdziesz:<\/p>\n<ul>\n<li>Zdj\u0119cia i dok\u0142adny przepis do ka\u017cdego posi\u0142ku<\/li>\n<li>Zdrowe i pe\u0142nowarto\u015bciowe posi\u0142ki, jad\u0142ospis na 7-10 dni<\/li>\n<li>Pyszne smaki, kt\u00f3re zaskakuj\u0105<\/li>\n<li>Proste przepisy stworzone w taki spos\u00f3b aby ka\u017cdy m\u00f3g\u0142 je bez problemu przygotowa\u0107<br \/>\nsamodzielnie w domu<\/li>\n<li>Brak ogranicze\u0144, mo\u017cesz trzyma\u0107 si\u0119 gotowego jad\u0142ospisu lub samemu wymienia\u0107 dowolnie<br \/>\nka\u017cdy posi\u0142ek<\/li>\n<li>Efekty potwierdzone przez pacjent\u00f3w<\/li>\n<\/ul>\n<p>Korzystaj\u0105c z moich jad\u0142ospis\u00f3w mo\u017cesz osi\u0105gn\u0105\u0107 swoje efekty: schudni\u0119cie, przybranie na wadze,<br \/>\nzdrowe od\u017cywianie, poprawa zdrowia.<br \/>\nJad\u0142ospis skomponowany z produkt\u00f3w \u0142atwo dost\u0119pnych. Ten jad\u0142ospis jest prosty i szybki, idealny dla<br \/>\nos\u00f3b pocz\u0105tkuj\u0105cych \u2013 gwarancja skuteczno\u015bci i wygoda. Dlaczego warto?<\/p>\n<ul>\n<li>\u00a0nie musisz przejmowa\u0107 si\u0119 samodzielnym liczeniem kalorii i mikroelement\u00f3w,<\/li>\n<li>\u00a0wiesz, \u017ce Twoje posi\u0142ki s\u0105 odpowiednio zbilansowane i zdrowe,<\/li>\n<li>\u00a0uczysz si\u0119 ILE, i CO masz je\u015b\u0107 aby poprawi\u0107 zdrowie metaboliczne i hormonalne,<\/li>\n<li>\u00a0bez trudu dopasujesz go do swoich preferencji i zapotrzebowania kalorycznego.<\/li>\n<\/ul>\n","protected":false},"excerpt":{"rendered":"<p>Stworzy\u0142am ten jad\u0142ospis, \u017ceby u\u0142atwi\u0107 Ci zdrowe od\u017cywianie. Ta dieta to zupe\u0142na nowo\u015b\u0107. Mo\u017cesz dowolnie wybiera\u0107 przepisy lub korzysta\u0107 z gotowej rozpiski, dzi\u0119ki czemu jest idealna na ka\u017cdy moment. W e-booku znajdziesz: Zdj\u0119cia i dok\u0142adny przepis do ka\u017cdego posi\u0142ku Zdrowe i pe\u0142nowarto\u015bciowe posi\u0142ki, jad\u0142ospis na 7-10 dni Pyszne smaki, kt\u00f3re zaskakuj\u0105 Proste przepisy stworzone w [&hellip;]<\/p>\n","protected":false},"featured_media":176,"template":"","meta":[],"product_brand":[],"product_cat":[22],"product_tag":[],"class_list":{"0":"post-387","1":"product","2":"type-product","3":"status-publish","4":"has-post-thumbnail","6":"product_cat-diety","8":"first","9":"instock","10":"taxable","11":"shipping-taxable","12":"purchasable","13":"product-type-variable","14":"has-default-attributes"},"jetpack_sharing_enabled":true,"_links":{"self":[{"href":"https:\/\/klaudiet.pl\/index.php?rest_route=\/wp\/v2\/product\/387","targetHints":{"allow":["GET"]}}],"collection":[{"href":"https:\/\/klaudiet.pl\/index.php?rest_route=\/wp\/v2\/product"}],"about":[{"href":"https:\/\/klaudiet.pl\/index.php?rest_route=\/wp\/v2\/types\/product"}],"wp:featuredmedia":[{"embeddable":true,"href":"https:\/\/klaudiet.pl\/index.php?rest_route=\/wp\/v2\/media\/176"}],"wp:attachment":[{"href":"https:\/\/klaudiet.pl\/index.php?rest_route=%2Fwp%2Fv2%2Fmedia&parent=387"}],"wp:term":[{"taxonomy":"product_brand","embeddable":true,"href":"https:\/\/klaudiet.pl\/index.php?rest_route=%2Fwp%2Fv2%2Fproduct_brand&post=387"},{"taxonomy":"product_cat","embeddable":true,"href":"https:\/\/klaudiet.pl\/index.php?rest_route=%2Fwp%2Fv2%2Fproduct_cat&post=387"},{"taxonomy":"product_tag","embeddable":true,"href":"https:\/\/klaudiet.pl\/index.php?rest_route=%2Fwp%2Fv2%2Fproduct_tag&post=387"}],"curies":[{"name":"wp","href":"https:\/\/api.w.org\/{rel}","templated":true}]}}