{"id":544,"date":"2025-06-06T13:54:21","date_gmt":"2025-06-06T13:54:21","guid":{"rendered":"https:\/\/klaudiet.pl\/?post_type=product&#038;p=544"},"modified":"2026-03-23T18:58:54","modified_gmt":"2026-03-23T18:58:54","slug":"jadlospis-letni-1700-kcal","status":"publish","type":"product","link":"https:\/\/klaudiet.pl\/?product=jadlospis-letni-1700-kcal","title":{"rendered":"Jad\u0142ospis letni 1700 Kcal"},"content":{"rendered":"<p><b>Letni e-book z jad\u0142ospisem 1700 kcal \u2013 4 posi\u0142ki dziennie<\/b><\/p>\n<p>Szukasz lekkiego, sezonowego i od\u017cywczego planu \u017cywieniowego na lato? Ten e-book jest dla Ciebie! Przygotowa\u0142am <b>jad\u0142ospis o warto\u015bci 1700 kcal<\/b>, sk\u0142adaj\u0105cy si\u0119 z <b>4 zbilansowanych posi\u0142k\u00f3w dziennie<\/b>, idealnych na cieplejsze miesi\u0105ce.<\/p>\n<p>W \u015brodku znajdziesz:<\/p>\n<ul>\n<li><b>Letnie kompozycje pe\u0142ne smaku i \u015bwie\u017co\u015bci<\/b><\/li>\n<li>Wykorzystanie sezonowych produkt\u00f3w, takich jak:<br \/>\n<b>\u015bwie\u017ce owoce, b\u00f3b, fasolka szparagowa, szparagi, pomidory, og\u00f3rki<\/b> i wiele innych<\/li>\n<li><b>Przeciwzapalne i bogato od\u017cywcze propozycje<\/b>, kt\u00f3re wspieraj\u0105 Twoje zdrowie<\/li>\n<li>Jad\u0142ospis u\u0142o\u017cony przez specjalist\u0119, <b>zbilansowany pod k\u0105tem makrosk\u0142adnik\u00f3w i witamin<\/b><\/li>\n<\/ul>\n<p>To idealna opcja dla os\u00f3b, kt\u00f3re chc\u0105:<br \/>\n\u2705 Je\u015b\u0107 zdrowo i sezonowo<br \/>\n\u2705 Czu\u0107 si\u0119 lekko i pe\u0142nym energii<br \/>\n\u2705 Wspiera\u0107 swoje zdrowie poprzez diet\u0119<br \/>\n\u2705 Mie\u0107 gotowy plan bez konieczno\u015bci liczenia kalorii<\/p>\n<p><b>Zadbaj o swoje zdrowie latem \u2013 smacznie, lekko i \u015bwiadomie!<\/b><span class=\"Apple-converted-space\">\u00a0<\/span><\/p>\n","protected":false},"excerpt":{"rendered":"<p data-start=\"0\" data-end=\"61\"><strong data-start=\"0\" data-end=\"61\">Letni e-book z jad\u0142ospisem 1700 kcal \u2013 4 posi\u0142ki dziennie<\/strong><\/p>\n<p data-start=\"63\" data-end=\"352\">Gotowy plan zdrowego od\u017cywiania na lato! E-book zawiera 7-dniowy jad\u0142ospis oparty na 1700 kcal dziennie, z 4 lekkimi i od\u017cywczymi posi\u0142kami. Znajdziesz w nim sezonowe sk\u0142adniki (m.in. b\u00f3b, szparagi, pomidory, \u015bwie\u017ce owoce), przepisy przeciwzapalne i zbilansowane pod k\u0105tem makrosk\u0142adnik\u00f3w.<\/p>\n<p data-start=\"354\" data-end=\"428\" data-is-last-node=\"\" data-is-only-node=\"\">Idealny dla os\u00f3b, kt\u00f3re chc\u0105 je\u015b\u0107 zdrowo, sezonowo i bez liczenia kalorii.<\/p>\n","protected":false},"featured_media":546,"template":"","meta":[],"product_brand":[],"product_cat":[22],"product_tag":[],"class_list":{"0":"post-544","1":"product","2":"type-product","3":"status-publish","4":"has-post-thumbnail","6":"product_cat-diety","8":"first","9":"instock","10":"downloadable","11":"taxable","12":"shipping-taxable","13":"purchasable","14":"product-type-simple"},"jetpack_sharing_enabled":true,"_links":{"self":[{"href":"https:\/\/klaudiet.pl\/index.php?rest_route=\/wp\/v2\/product\/544","targetHints":{"allow":["GET"]}}],"collection":[{"href":"https:\/\/klaudiet.pl\/index.php?rest_route=\/wp\/v2\/product"}],"about":[{"href":"https:\/\/klaudiet.pl\/index.php?rest_route=\/wp\/v2\/types\/product"}],"wp:featuredmedia":[{"embeddable":true,"href":"https:\/\/klaudiet.pl\/index.php?rest_route=\/wp\/v2\/media\/546"}],"wp:attachment":[{"href":"https:\/\/klaudiet.pl\/index.php?rest_route=%2Fwp%2Fv2%2Fmedia&parent=544"}],"wp:term":[{"taxonomy":"product_brand","embeddable":true,"href":"https:\/\/klaudiet.pl\/index.php?rest_route=%2Fwp%2Fv2%2Fproduct_brand&post=544"},{"taxonomy":"product_cat","embeddable":true,"href":"https:\/\/klaudiet.pl\/index.php?rest_route=%2Fwp%2Fv2%2Fproduct_cat&post=544"},{"taxonomy":"product_tag","embeddable":true,"href":"https:\/\/klaudiet.pl\/index.php?rest_route=%2Fwp%2Fv2%2Fproduct_tag&post=544"}],"curies":[{"name":"wp","href":"https:\/\/api.w.org\/{rel}","templated":true}]}}